{"id":27446,"date":"2024-11-07T20:31:00","date_gmt":"2024-11-07T20:31:00","guid":{"rendered":"https:\/\/leaubeaute.com.br\/?page_id=27446"},"modified":"2024-11-11T19:44:34","modified_gmt":"2024-11-11T19:44:34","slug":"catalogos","status":"publish","type":"page","link":"https:\/\/leaubeaute.com.br\/?page_id=27446","title":{"rendered":"Cat\u00e1logos"},"content":{"rendered":"\t\t<div data-elementor-type=\"wp-page\" data-elementor-id=\"27446\" class=\"elementor elementor-27446\" data-elementor-post-type=\"page\">\n\t\t\t\t<div class=\"elementor-element elementor-element-5682d30 e-con-full e-flex e-con e-parent\" data-id=\"5682d30\" data-element_type=\"container\" data-settings=\"{&quot;background_background&quot;:&quot;classic&quot;}\">\n\t\t<div class=\"elementor-element elementor-element-75207d7 e-con-full e-flex e-con e-child\" data-id=\"75207d7\" data-element_type=\"container\">\n\t\t\t\t<div class=\"elementor-element elementor-element-179cc83 elementor-widget elementor-widget-heading\" data-id=\"179cc83\" data-element_type=\"widget\" data-widget_type=\"heading.default\">\n\t\t\t\t<div class=\"elementor-widget-container\">\n\t\t\t\t\t<h1 class=\"elementor-heading-title elementor-size-default\">Nossos Cat\u00e1logos<\/h1>\t\t\t\t<\/div>\n\t\t\t\t<\/div>\n\t\t\t\t<\/div>\n\t\t\t\t<\/div>\n\t\t<div class=\"wd-negative-gap elementor-element elementor-element-d43eb02 e-flex e-con-boxed e-con e-parent\" data-id=\"d43eb02\" data-element_type=\"container\">\n\t\t\t\t\t<div class=\"e-con-inner\">\n\t\t\t\t<div class=\"elementor-element elementor-element-08bd35f elementor-widget elementor-widget-wd_text_block\" data-id=\"08bd35f\" data-element_type=\"widget\" data-widget_type=\"wd_text_block.default\">\n\t\t\t\t<div class=\"elementor-widget-container\">\n\t\t\t\t\t\t\t\t<link rel=\"stylesheet\" id=\"wd-text-block-css\" href=\"https:\/\/leaubeaute.com.br\/wp-content\/themes\/woodmart\/css\/parts\/el-text-block.min.css?ver=7.6.0\" type=\"text\/css\" media=\"all\" \/> \t\t\t\t\t<div class=\"wd-text-block reset-last-child text-center\">\n\t\t\t\n\t\t\t<p>Cat\u00e1lagos Cole\u00e7\u00e3o Aqua Sea<\/p>\n\t\t\t\t\t<\/div>\n\t\t\t\t\t\t<\/div>\n\t\t\t\t<\/div>\n\t\t\t\t\t<\/div>\n\t\t\t\t<\/div>\n\t\t<div class=\"elementor-element elementor-element-9a6115f e-con-full e-flex e-con e-parent\" data-id=\"9a6115f\" data-element_type=\"container\">\n\t\t<div class=\"elementor-element elementor-element-c06efc6 e-con-full e-flex e-con e-child\" data-id=\"c06efc6\" data-element_type=\"container\">\n\t\t\t\t<div class=\"elementor-element elementor-element-3a77495 elementor-widget elementor-widget-image\" data-id=\"3a77495\" data-element_type=\"widget\" data-widget_type=\"image.default\">\n\t\t\t\t<div class=\"elementor-widget-container\">\n\t\t\t\t\t\t\t\t\t\t\t\t\t\t\t\t<a href=\"https:\/\/leaubeaute.com.br\/wp-content\/uploads\/2024\/11\/catalago-aquasea-pt.pdf\">\n\t\t\t\t\t\t\t<img fetchpriority=\"high\" decoding=\"async\" width=\"304\" height=\"400\" src=\"https:\/\/leaubeaute.com.br\/wp-content\/uploads\/2024\/11\/Capa-Pt.webp\" class=\"attachment-full size-full wp-image-27624\" alt=\"\" srcset=\"https:\/\/leaubeaute.com.br\/wp-content\/uploads\/2024\/11\/Capa-Pt.webp 304w, https:\/\/leaubeaute.com.br\/wp-content\/uploads\/2024\/11\/Capa-Pt-228x300.webp 228w, https:\/\/leaubeaute.com.br\/wp-content\/uploads\/2024\/11\/Capa-Pt-150x197.webp 150w\" sizes=\"(max-width: 304px) 100vw, 304px\" \/>\t\t\t\t\t\t\t\t<\/a>\n\t\t\t\t\t\t\t\t\t\t\t\t\t\t\t<\/div>\n\t\t\t\t<\/div>\n\t\t\t\t<div class=\"elementor-element elementor-element-1309439 elementor-widget elementor-widget-heading\" data-id=\"1309439\" data-element_type=\"widget\" data-widget_type=\"heading.default\">\n\t\t\t\t<div class=\"elementor-widget-container\">\n\t\t\t\t\t<h2 class=\"elementor-heading-title elementor-size-default\">Cat\u00e1logo Portugu\u00eas<\/h2>\t\t\t\t<\/div>\n\t\t\t\t<\/div>\n\t\t\t\t<div class=\"elementor-element elementor-element-5645545 elementor-widget elementor-widget-button\" data-id=\"5645545\" data-element_type=\"widget\" data-widget_type=\"button.default\">\n\t\t\t\t<div class=\"elementor-widget-container\">\n\t\t\t\t\t\t\t\t\t<div class=\"elementor-button-wrapper\">\n\t\t\t\t\t<a class=\"elementor-button elementor-button-link elementor-size-sm\" href=\"https:\/\/leaubeaute.com.br\/wp-content\/uploads\/2024\/11\/catalago-aquasea-pt.pdf\">\n\t\t\t\t\t\t<span class=\"elementor-button-content-wrapper\">\n\t\t\t\t\t\t\t\t\t<span class=\"elementor-button-text\">Baixar<\/span>\n\t\t\t\t\t<\/span>\n\t\t\t\t\t<\/a>\n\t\t\t\t<\/div>\n\t\t\t\t\t\t\t\t<\/div>\n\t\t\t\t<\/div>\n\t\t\t\t<\/div>\n\t\t<div class=\"elementor-element elementor-element-b5f4cbd e-con-full e-flex e-con e-child\" data-id=\"b5f4cbd\" data-element_type=\"container\">\n\t\t\t\t<div class=\"elementor-element elementor-element-1fee5f7 elementor-widget elementor-widget-image\" data-id=\"1fee5f7\" data-element_type=\"widget\" data-widget_type=\"image.default\">\n\t\t\t\t<div class=\"elementor-widget-container\">\n\t\t\t\t\t\t\t\t\t\t\t\t\t\t\t\t<a href=\"https:\/\/leaubeaute.com.br\/wp-content\/uploads\/2024\/11\/catalago-aquasea-arb.pdf\">\n\t\t\t\t\t\t\t<img decoding=\"async\" width=\"303\" height=\"400\" src=\"https:\/\/leaubeaute.com.br\/wp-content\/uploads\/2024\/11\/Capa-2.webp\" class=\"attachment-large size-large wp-image-27625\" alt=\"\" srcset=\"https:\/\/leaubeaute.com.br\/wp-content\/uploads\/2024\/11\/Capa-2.webp 303w, https:\/\/leaubeaute.com.br\/wp-content\/uploads\/2024\/11\/Capa-2-227x300.webp 227w, https:\/\/leaubeaute.com.br\/wp-content\/uploads\/2024\/11\/Capa-2-150x198.webp 150w\" sizes=\"(max-width: 303px) 100vw, 303px\" \/>\t\t\t\t\t\t\t\t<\/a>\n\t\t\t\t\t\t\t\t\t\t\t\t\t\t\t<\/div>\n\t\t\t\t<\/div>\n\t\t\t\t<div class=\"elementor-element elementor-element-2e98bbe elementor-widget elementor-widget-heading\" data-id=\"2e98bbe\" data-element_type=\"widget\" data-widget_type=\"heading.default\">\n\t\t\t\t<div class=\"elementor-widget-container\">\n\t\t\t\t\t<h2 class=\"elementor-heading-title elementor-size-default\">Cat\u00e1logo \u00c1rabe<\/h2>\t\t\t\t<\/div>\n\t\t\t\t<\/div>\n\t\t\t\t<div class=\"elementor-element elementor-element-d387871 elementor-widget elementor-widget-button\" data-id=\"d387871\" data-element_type=\"widget\" data-widget_type=\"button.default\">\n\t\t\t\t<div class=\"elementor-widget-container\">\n\t\t\t\t\t\t\t\t\t<div class=\"elementor-button-wrapper\">\n\t\t\t\t\t<a class=\"elementor-button elementor-button-link elementor-size-sm\" href=\"https:\/\/leaubeaute.com.br\/wp-content\/uploads\/2024\/11\/catalago-aquasea-arb.pdf\">\n\t\t\t\t\t\t<span class=\"elementor-button-content-wrapper\">\n\t\t\t\t\t\t\t\t\t<span class=\"elementor-button-text\">Baixar<\/span>\n\t\t\t\t\t<\/span>\n\t\t\t\t\t<\/a>\n\t\t\t\t<\/div>\n\t\t\t\t\t\t\t\t<\/div>\n\t\t\t\t<\/div>\n\t\t\t\t<\/div>\n\t\t<div class=\"elementor-element elementor-element-a42f04e e-con-full e-flex e-con e-child\" data-id=\"a42f04e\" data-element_type=\"container\">\n\t\t\t\t<div class=\"elementor-element elementor-element-33d907c elementor-widget elementor-widget-image\" data-id=\"33d907c\" data-element_type=\"widget\" data-widget_type=\"image.default\">\n\t\t\t\t<div class=\"elementor-widget-container\">\n\t\t\t\t\t\t\t\t\t\t\t\t\t\t\t\t<a href=\"https:\/\/leaubeaute.com.br\/wp-content\/uploads\/2024\/11\/catalago-aquasea-pt.pdf\">\n\t\t\t\t\t\t\t<img decoding=\"async\" width=\"301\" height=\"400\" src=\"https:\/\/leaubeaute.com.br\/wp-content\/uploads\/2024\/11\/Capa-eng.webp\" class=\"attachment-large size-large wp-image-27626\" alt=\"\" srcset=\"https:\/\/leaubeaute.com.br\/wp-content\/uploads\/2024\/11\/Capa-eng.webp 301w, https:\/\/leaubeaute.com.br\/wp-content\/uploads\/2024\/11\/Capa-eng-226x300.webp 226w, https:\/\/leaubeaute.com.br\/wp-content\/uploads\/2024\/11\/Capa-eng-150x199.webp 150w\" sizes=\"(max-width: 301px) 100vw, 301px\" \/>\t\t\t\t\t\t\t\t<\/a>\n\t\t\t\t\t\t\t\t\t\t\t\t\t\t\t<\/div>\n\t\t\t\t<\/div>\n\t\t\t\t<div class=\"elementor-element elementor-element-3368abf elementor-widget elementor-widget-heading\" data-id=\"3368abf\" data-element_type=\"widget\" data-widget_type=\"heading.default\">\n\t\t\t\t<div class=\"elementor-widget-container\">\n\t\t\t\t\t<h2 class=\"elementor-heading-title elementor-size-default\">Cat\u00e1logo Ingl\u00eas<\/h2>\t\t\t\t<\/div>\n\t\t\t\t<\/div>\n\t\t\t\t<div class=\"elementor-element elementor-element-0968ced elementor-widget elementor-widget-button\" data-id=\"0968ced\" data-element_type=\"widget\" data-widget_type=\"button.default\">\n\t\t\t\t<div class=\"elementor-widget-container\">\n\t\t\t\t\t\t\t\t\t<div class=\"elementor-button-wrapper\">\n\t\t\t\t\t<a class=\"elementor-button elementor-button-link elementor-size-sm\" href=\"https:\/\/leaubeaute.com.br\/wp-content\/uploads\/2024\/11\/catalago-aquasea-pt.pdf\">\n\t\t\t\t\t\t<span class=\"elementor-button-content-wrapper\">\n\t\t\t\t\t\t\t\t\t<span class=\"elementor-button-text\">Baixar<\/span>\n\t\t\t\t\t<\/span>\n\t\t\t\t\t<\/a>\n\t\t\t\t<\/div>\n\t\t\t\t\t\t\t\t<\/div>\n\t\t\t\t<\/div>\n\t\t\t\t<\/div>\n\t\t\t\t<\/div>\n\t\t<div class=\"wd-negative-gap elementor-element elementor-element-f85fdc7 e-flex e-con-boxed e-con e-parent\" data-id=\"f85fdc7\" data-element_type=\"container\">\n\t\t\t\t\t<div class=\"e-con-inner\">\n\t\t<div class=\"elementor-element elementor-element-8b3547b e-con-full e-flex e-con e-child\" data-id=\"8b3547b\" data-element_type=\"container\">\n\t\t\t\t<div class=\"elementor-element elementor-element-e4d979f elementor-widget elementor-widget-wd_text_block\" data-id=\"e4d979f\" data-element_type=\"widget\" data-widget_type=\"wd_text_block.default\">\n\t\t\t\t<div class=\"elementor-widget-container\">\n\t\t\t\t\t\t\t<div class=\"wd-text-block reset-last-child text-center\">\n\t\t\t\n\t\t\t<p>Cat\u00e1lagos Cole\u00e7\u00e3o Francesinha<\/p>\n\t\t\t\t\t<\/div>\n\t\t\t\t\t\t<\/div>\n\t\t\t\t<\/div>\n\t\t\t\t<\/div>\n\t\t\t\t\t<\/div>\n\t\t\t\t<\/div>\n\t\t<div class=\"elementor-element elementor-element-7816f87 e-con-full e-flex e-con e-parent\" data-id=\"7816f87\" data-element_type=\"container\">\n\t\t<div class=\"elementor-element elementor-element-ff62505 e-con-full e-flex e-con e-child\" data-id=\"ff62505\" data-element_type=\"container\">\n\t\t\t\t<div class=\"elementor-element elementor-element-b352a26 elementor-widget elementor-widget-image\" data-id=\"b352a26\" data-element_type=\"widget\" data-widget_type=\"image.default\">\n\t\t\t\t<div class=\"elementor-widget-container\">\n\t\t\t\t\t\t\t\t\t\t\t\t\t\t\t\t<a href=\"https:\/\/leaubeaute.com.br\/wp-content\/uploads\/2024\/11\/Folder-francesinha-1.pdf\">\n\t\t\t\t\t\t\t<img loading=\"lazy\" decoding=\"async\" width=\"941\" height=\"422\" src=\"https:\/\/leaubeaute.com.br\/wp-content\/uploads\/2024\/11\/image-27.png\" class=\"attachment-full size-full wp-image-28108\" alt=\"\" srcset=\"https:\/\/leaubeaute.com.br\/wp-content\/uploads\/2024\/11\/image-27.png 941w, https:\/\/leaubeaute.com.br\/wp-content\/uploads\/2024\/11\/image-27-400x179.png 400w, https:\/\/leaubeaute.com.br\/wp-content\/uploads\/2024\/11\/image-27-768x344.png 768w, https:\/\/leaubeaute.com.br\/wp-content\/uploads\/2024\/11\/image-27-430x193.png 430w, https:\/\/leaubeaute.com.br\/wp-content\/uploads\/2024\/11\/image-27-700x314.png 700w, https:\/\/leaubeaute.com.br\/wp-content\/uploads\/2024\/11\/image-27-150x67.png 150w\" sizes=\"(max-width: 941px) 100vw, 941px\" \/>\t\t\t\t\t\t\t\t<\/a>\n\t\t\t\t\t\t\t\t\t\t\t\t\t\t\t<\/div>\n\t\t\t\t<\/div>\n\t\t\t\t<div class=\"elementor-element elementor-element-4101a21 elementor-widget elementor-widget-heading\" data-id=\"4101a21\" data-element_type=\"widget\" data-widget_type=\"heading.default\">\n\t\t\t\t<div class=\"elementor-widget-container\">\n\t\t\t\t\t<h2 class=\"elementor-heading-title elementor-size-default\">Cat\u00e1logo Portugu\u00eas<\/h2>\t\t\t\t<\/div>\n\t\t\t\t<\/div>\n\t\t\t\t<div class=\"elementor-element elementor-element-e2cfe02 elementor-widget elementor-widget-button\" data-id=\"e2cfe02\" data-element_type=\"widget\" data-widget_type=\"button.default\">\n\t\t\t\t<div class=\"elementor-widget-container\">\n\t\t\t\t\t\t\t\t\t<div class=\"elementor-button-wrapper\">\n\t\t\t\t\t<a class=\"elementor-button elementor-button-link elementor-size-sm\" href=\"https:\/\/leaubeaute.com.br\/wp-content\/uploads\/2024\/11\/Folder-francesinha-1.pdf\">\n\t\t\t\t\t\t<span class=\"elementor-button-content-wrapper\">\n\t\t\t\t\t\t\t\t\t<span class=\"elementor-button-text\">Baixar<\/span>\n\t\t\t\t\t<\/span>\n\t\t\t\t\t<\/a>\n\t\t\t\t<\/div>\n\t\t\t\t\t\t\t\t<\/div>\n\t\t\t\t<\/div>\n\t\t\t\t<\/div>\n\t\t<div class=\"elementor-element elementor-element-720bb9a e-con-full e-flex e-con e-child\" data-id=\"720bb9a\" data-element_type=\"container\">\n\t\t\t\t<\/div>\n\t\t<div class=\"elementor-element elementor-element-1611ef0 e-con-full e-flex e-con e-child\" data-id=\"1611ef0\" data-element_type=\"container\">\n\t\t\t\t<\/div>\n\t\t\t\t<\/div>\n\t\t\t\t<\/div>\n\t\t","protected":false},"excerpt":{"rendered":"<p>Nossos Cat\u00e1logos Cat\u00e1lagos Cole\u00e7\u00e3o Aqua Sea Cat\u00e1logo Portugu\u00eas Baixar Cat\u00e1logo \u00c1rabe Baixar Cat\u00e1logo Ingl\u00eas Baixar Cat\u00e1lagos Cole\u00e7\u00e3o Francesinha Cat\u00e1logo Portugu\u00eas<\/p>\n","protected":false},"author":1,"featured_media":0,"parent":0,"menu_order":0,"comment_status":"closed","ping_status":"closed","template":"elementor_header_footer","meta":{"iawp_total_views":19,"footnotes":""},"class_list":["post-27446","page","type-page","status-publish","hentry"],"_links":{"self":[{"href":"https:\/\/leaubeaute.com.br\/index.php?rest_route=\/wp\/v2\/pages\/27446","targetHints":{"allow":["GET"]}}],"collection":[{"href":"https:\/\/leaubeaute.com.br\/index.php?rest_route=\/wp\/v2\/pages"}],"about":[{"href":"https:\/\/leaubeaute.com.br\/index.php?rest_route=\/wp\/v2\/types\/page"}],"author":[{"embeddable":true,"href":"https:\/\/leaubeaute.com.br\/index.php?rest_route=\/wp\/v2\/users\/1"}],"replies":[{"embeddable":true,"href":"https:\/\/leaubeaute.com.br\/index.php?rest_route=%2Fwp%2Fv2%2Fcomments&post=27446"}],"version-history":[{"count":0,"href":"https:\/\/leaubeaute.com.br\/index.php?rest_route=\/wp\/v2\/pages\/27446\/revisions"}],"wp:attachment":[{"href":"https:\/\/leaubeaute.com.br\/index.php?rest_route=%2Fwp%2Fv2%2Fmedia&parent=27446"}],"curies":[{"name":"wp","href":"https:\/\/api.w.org\/{rel}","templated":true}]}}