{"id":3,"date":"2024-11-05T18:21:47","date_gmt":"2024-11-05T18:21:47","guid":{"rendered":"https:\/\/leaubeaute.com.br\/?page_id=3"},"modified":"2024-11-21T15:59:57","modified_gmt":"2024-11-21T15:59:57","slug":"privacy-policy","status":"publish","type":"page","link":"https:\/\/leaubeaute.com.br\/?page_id=3","title":{"rendered":"Privacy Policy"},"content":{"rendered":"\t\t<div data-elementor-type=\"wp-page\" data-elementor-id=\"3\" class=\"elementor elementor-3\" data-elementor-post-type=\"page\">\n\t\t\t\t<div class=\"wd-negative-gap elementor-element elementor-element-7ac530f3 e-flex e-con-boxed e-con e-parent\" data-id=\"7ac530f3\" data-element_type=\"container\">\n\t\t\t\t\t<div class=\"e-con-inner\">\n\t\t\t\t<div class=\"elementor-element elementor-element-699f5823 color-scheme-inherit text-left elementor-widget elementor-widget-text-editor\" data-id=\"699f5823\" data-element_type=\"widget\" data-widget_type=\"text-editor.default\">\n\t\t\t\t<div class=\"elementor-widget-container\">\n\t\t\t\t\t\t\t\t\t\n<p><strong>POL\u00cdTICA DE PRIVACIDADE<\/strong><\/p>\n<p>Usamos seus dados para facilitar seu dia-a-dia. Nesta p\u00e1gina voc\u00ea encontrar\u00e1 detalhes de como seus dados s\u00e3o coletados, protegidos e utilizados.<\/p>\n<p>Quando voc\u00ea realiza uma compra conosco, s\u00e3o fornecidos de forma autom\u00e1tica ou atrav\u00e9s do seu cadastro alguns dados pessoais para que sua compra seja processada corretamente. O objetivo \u00e9 viabilizar que sua encomenda chegue at\u00e9 voc\u00ea o mais r\u00e1pido poss\u00edvel, com o menor custo de transporte e de forma precisa em rela\u00e7\u00e3o ao que voc\u00ea comprou e gostaria de receber. Resumindo, queremos lhe oferecer a melhor experi\u00eancia poss\u00edvel.<\/p>\n<p>Pelo respeito \u00e0 sua privacidade, pela transpar\u00eancia que gostar\u00edamos de ter com voc\u00ea e pelo cumprimento \u00e0 legisla\u00e7\u00e3o, desenvolvemos este documento para explicar como seus dados pessoais s\u00e3o coletados, tratados e quais medidas ser\u00e3o aplicadas para mant\u00ea-los seguros, bem como voc\u00ea pode optar por n\u00e3o os fornecer, exclu\u00ed-los ou atualiz\u00e1-los.<\/p>\n<p><strong>POR QU\u00ca COLETAMOS DADOS?<\/strong><\/p>\n<p>Contamos com seus dados para oferecer-lhe uma experi\u00eancia personalizada. Nosso objetivo \u00e9 que voc\u00ea possa desfrutar dos nossos servi\u00e7os com precis\u00e3o, conforto e seguran\u00e7a.<\/p>\n<p>O processamento das suas informa\u00e7\u00f5es \u00e9 a base para oferecer-lhe nosso servi\u00e7o, para que voc\u00ea possa realizar compras com rapidez e seguran\u00e7a e ter funcionalidades adaptadas \u00e0s suas necessidades.<\/p>\n<p>Abaixo listamos os prop\u00f3sitos principais para os quais processamos seus dados:<\/p>\n<p>\u2013 Oferecer produtos, servi\u00e7os e\/ou benef\u00edcios adequados;<\/p>\n<p>\u2013 Processar corretamente sua compra;<\/p>\n<p>\u2013 Entrar em contato com voc\u00ea, quando necess\u00e1rio (retorno a solicita\u00e7\u00f5es, reclama\u00e7\u00f5es, d\u00favidas, ofertas e promo\u00e7\u00f5es);<\/p>\n<p>\u2013 Realizar entregas e acompanhamentos da sua encomenda de forma precisa;<\/p>\n<p>\u2013 Aprimorar nossos servi\u00e7os, desenvolver novos servi\u00e7os e oferecer uma melhor experi\u00eancia;<\/p>\n<p>\u2013 Divulgar an\u00fancios promocionais adaptados aos seus interesses pessoais e h\u00e1bitos de consumo;<\/p>\n<p>\u2013 Evitar fraudes, abusos e crimes, visando garantir a sua seguran\u00e7a e a sustentabilidade de todo o ecossistema;<\/p>\n<p>\u2013 Proteger seus direitos, os direitos de outros usu\u00e1rios ou os direitos da nossa empresa;<\/p>\n<p>\u2013 Colaborar com os titulares de direitos de propriedade intelectual;<\/p>\n<p>\u2013 Cumprir as obriga\u00e7\u00f5es e requisitos legais das autoridades competentes.<\/p>\n<p><strong>SOU OBRIGADO A FORNECER MEUS DADOS?<\/strong><\/p>\n<p>N\u00e3o \u00e9 obrigat\u00f3rio o fornecimento de dados pessoais. Contudo, seus dados s\u00e3o um requisito para que voc\u00ea consiga utilizar nossos servi\u00e7os. Ou seja, caso n\u00e3o sejam enviadas as informa\u00e7\u00f5es m\u00ednimas ou as informa\u00e7\u00f5es fornecidas n\u00e3o sejam precisas, infelizmente n\u00e3o podemos lhe atender, pois ser\u00edamos incapazes de oferecer uma boa experi\u00eancia, n\u00e3o conseguir\u00edamos realizar o processamento da sua compra ou realizar as entregas da forma correta.<\/p>\n<p>Por isso, sugerimos que voc\u00ea leia esta pol\u00edtica de privacidade com aten\u00e7\u00e3o, pois ao continuar navegando neste site voc\u00ea declara que concorda com os termos e que ir\u00e1 cumpri-los.<\/p>\n<p>Ao optar por continuar navegando e utilizando nosso servi\u00e7o, pedimos que tenha especial aten\u00e7\u00e3o para a legitimidade dos dados fornecidos. Os servi\u00e7os que prestamos podem ser suspensos ou sua conta pode ser desativada caso sejam detectados dados incompletos, imprecisos ou falsos.<\/p>\n<p>Observe que voc\u00ea n\u00e3o \u00e9 obrigado a fornecer seus dados, todavia n\u00e3o ser\u00e1 poss\u00edvel usufruir dos nossos servi\u00e7os caso voc\u00ea decida n\u00e3o cumprir a declara\u00e7\u00e3o de privacidade\/condi\u00e7\u00f5es de uso presentes aqui.<\/p>\n<p>Importante: Se voc\u00ea \u00e9 menor de idade, n\u00e3o deve fornecer suas informa\u00e7\u00f5es pessoais e n\u00e3o possui capacidade legal para utilizar nossos servi\u00e7os.<\/p>\n<p><strong>QUAIS S\u00c3O MEUS DIREITOS COMO TITULAR DOS DADOS PESSOAIS?<\/strong><\/p>\n<p>Dentre seus direitos previstos na Lei Geral de Prote\u00e7\u00e3o de Dados \u2018LGPD\u2019 (Lei Federal n\u00ba 13.709.2018), destacamos:<\/p>\n<p>\u2013 Confirma\u00e7\u00e3o da exist\u00eancia de tratamento de dados pessoais;<\/p>\n<p>\u2013 Acesso aos dados pessoais;<\/p>\n<p>\u2013 Revoga\u00e7\u00e3o do consentimento;<\/p>\n<p>\u2013 Corre\u00e7\u00e3o de dados pessoais incompletos, inexatos ou desatualizados;<\/p>\n<p>\u2013 Elimina\u00e7\u00e3o de dados pessoais tratados com o consentimento ou desnecess\u00e1rios, excessivos ou quando entender que algum ponto da LGPD n\u00e3o foi atendido;<\/p>\n<p>\u2013 Informa\u00e7\u00e3o sobre as hip\u00f3teses e com quais empresas, parceiros e outras institui\u00e7\u00f5es podemos compartilhar ou receber dados pessoais referentes a voc\u00ea;<\/p>\n<p>\u2013 Informa\u00e7\u00e3o sobre a possibilidade de n\u00e3o fornecer consentimento e sobre as consequ\u00eancias da negativa, quando aplic\u00e1vel.<\/p>\n<p><strong>COMO E QUAIS DADOS S\u00c3O COLETADOS?<\/strong><\/p>\n<p>Durante sua experi\u00eancia podemos coletar diferentes tipos de dados pessoais de forma manual ou autom\u00e1tica. Veja abaixo quais dados podemos coletar:<\/p>\n<p>\u2013 Nome completo;<\/p>\n<p>\u2013 Documento de identifica\u00e7\u00e3o (RG, CPF);<\/p>\n<p>\u2013 N\u00fameros de telefone;<\/p>\n<p>\u2013 E-mail;<\/p>\n<p>\u2013 Endere\u00e7os (\u201cApelido do endere\u00e7o\u201d, CEP, logradouro, bairro, cidade, UF, pa\u00eds, complemento);<\/p>\n<p>\u2013 Data de nascimento;<\/p>\n<p>\u2013 G\u00eanero;<\/p>\n<p>\u2013 Dados de meios de pagamento e\/ou informa\u00e7\u00f5es banc\u00e1rias (Cart\u00e3o de cr\u00e9dito, cart\u00e3o de d\u00e9bito, etc);<\/p>\n<p>\u2013 Hist\u00f3rico de navega\u00e7\u00e3o em nossas p\u00e1ginas;<\/p>\n<p>\u2013 Endere\u00e7o IP;<\/p>\n<p>\u2013 Geolocaliza\u00e7\u00e3o;<\/p>\n<p>\u2013 Navegador utilizado;<\/p>\n<p>\u2013 Sistema operacional utilizado;<\/p>\n<p>\u2013 Tamanho da tela utilizado;<\/p>\n<p>\u2013 Informa\u00e7\u00f5es sobre o dispositivo utilizado (Celular, Tablet, Computador, entre outros);<\/p>\n<p>\u2013 Termos buscados na \u00e1rea de pesquisa;<\/p>\n<p>\u2013 Produtos visitados, h\u00e1bitos de consumo ou seus produtos preferidos;<\/p>\n<p>\u2013 Opini\u00f5es e reviews sobre produtos;<\/p>\n<p>\u2013 Cupons de desconto e\/ou vale presente utilizados;<\/p>\n<p>\u2013 Pre\u00e7o das mercadorias envolvidas no instante das transa\u00e7\u00f5es realizadas.<\/p>\n<p>Seus dados s\u00e3o coletados quando voc\u00ea se cadastra para receber e-mail marketing, cadastra uma conta de usu\u00e1rio em nosso site ou quando preenche nossos formul\u00e1rios durante o processo de compra. Al\u00e9m disso, voc\u00ea fornece dados de forma autom\u00e1tica quando navega por nossas p\u00e1ginas e interage com os produtos, opini\u00f5es de outros usu\u00e1rios, banners e promo\u00e7\u00f5es. Outra forma de coleta de dados pessoais s\u00e3o as fontes confi\u00e1veis, prestadores de servi\u00e7os e bureau de informa\u00e7\u00e3o ou, ainda, parceiros de neg\u00f3cios com quem trabalhamos, como ag\u00eancias de cr\u00e9dito, \u00f3rg\u00e3os p\u00fablicos e sistemas anti-fraude, que nos repassam informa\u00e7\u00f5es pessoais importantes para a concretiza\u00e7\u00e3o das transa\u00e7\u00f5es.<\/p>\n<p>Podemos usar cookies, web beacons, pixels e ferramentas de analytics para conhecer seus interesses, as p\u00e1ginas que voc\u00ea navegou, seus padr\u00f5es de tr\u00e1fego e seu comportamento. Assim, podemos oferecer um servi\u00e7o melhor e tamb\u00e9m conte\u00fado e publicidade que sejam do seu interesse.<\/p>\n<p>Voc\u00ea pode desativar cookies e web beacons a qualquer momento ou cancelar a inscri\u00e7\u00e3o para receber nossos e-mails promocionais. Por\u00e9m, ao desativar essas tecnologias, talvez voc\u00ea n\u00e3o consiga usar nosso site e\/ou os recursos que oferecemos.<\/p>\n<p>O procedimento para desativar \u00e9 diferente para cada navegador; voc\u00ea precisar\u00e1 fazer isso, caso queira, no navegador que voc\u00ea utiliza. Abaixo deixamos o manual de configura\u00e7\u00e3o dos navegadores mais comuns no momento:<\/p>\n<p>\u2013 Google Chrome<br \/>\u2013 Mozilla Firefox<br \/>\u2013 Safari<br \/>\u2013 Internet Explorer<br \/>\u2013 Microsoft Edge<br \/>\u2013 Opera<\/p>\n<p><strong>COM QUEM MEUS DADOS S\u00c3O COMPARTILHADOS?<\/strong><\/p>\n<p>N\u00e3o vendemos ou comercializamos suas informa\u00e7\u00f5es pessoais. Tamb\u00e9m n\u00e3o compartilhamos ou transferimos seus dados de nenhuma outra forma para terceiros, com exce\u00e7\u00e3o dos prestadores de servi\u00e7os contratados para fornecer servi\u00e7os espec\u00edficos, como sistemas anti-fraude, ferramentas de envio de e-mail marketing, servi\u00e7os de comunica\u00e7\u00e3o por mensagens instant\u00e2neas, etc. Estas empresas seguem nossas instru\u00e7\u00f5es para realizar atividades espec\u00edficas com seus dados, como disparar um e-mail ou encaminhar-lhe uma mensagem estritamente ap\u00f3s nossa autoriza\u00e7\u00e3o pontual.<\/p>\n<p>Seus dados podem ser compartilhados, adicionalmente, com \u00f3rg\u00e3os reguladores, entidades governamentais ou autoridade competente.<\/p>\n<p><strong>COMO \u00c9 GARANTIDA A SEGURAN\u00c7A NA ARMAZENAGEM DOS MEUS DADOS PESSOAIS?<\/strong><\/p>\n<p>Seus dados s\u00e3o armazenados em data-centers localizados no Brasil e no exterior sempre de forma segura atrav\u00e9s de tecnologias espec\u00edficas para a prote\u00e7\u00e3o de dados, como criptografias sim\u00e9tricas e assim\u00e9tricas, prote\u00e7\u00e3o por firewall, ofusca\u00e7\u00e3o de dados, entre outras.<\/p>\n<p>Podemos armazenar seus dados durante todo o per\u00edodo em que voc\u00ea for um cliente ativo. Ap\u00f3s esse per\u00edodo, podemos armazenar seus dados por um per\u00edodo adicional para fins de auditoria, para possibilitar cumprimento de obriga\u00e7\u00f5es legais ou regulat\u00f3rias, mas ser\u00e3o exclu\u00eddos assim que n\u00e3o forem mais necess\u00e1rios.<\/p>\n<p>Toda armazenagem, prote\u00e7\u00e3o e exclus\u00e3o respeita os prazos da legisla\u00e7\u00e3o aplic\u00e1vel.<\/p>\n<p><strong>COMO POSSO SOLICITAR A ALTERA\u00c7\u00c3O, ATUALIZA\u00c7\u00c3O OU EXCLUS\u00c3O DOS MEUS DADOS PESSOAIS?<\/strong><\/p>\n<p>Conforme exposto anteriormente, trataremos seus dados pessoais com elevados n\u00edveis de prote\u00e7\u00e3o e garantiremos sua privacidade durante todo o per\u00edodo em que for nosso cliente. Entretanto, caso voc\u00ea opte por alterar, atualizar ou excluir seus dados pessoais da nossa base de cadastro, voc\u00ea poder\u00e1 fazer atrav\u00e9s de contato com nossa equipe de atendimento.<\/p>\n<p>Cabe ressaltar que, para cumprimento de obriga\u00e7\u00f5es legais ou regulat\u00f3rias, eventuais a\u00e7\u00f5es judiciais e fins de auditoria de diversas naturezas, podemos reter, ainda que solicitado, parcial ou totalmente seus dados cadastrais, mas sempre fundamentados por bases legais que justifiquem a reten\u00e7\u00e3o.<\/p>\n<p><strong>A POL\u00cdTICA DE PRIVACIDADE PODE SER ATUALIZADA OU ALTERADA?<\/strong><\/p>\n<p>Buscamos aprimoramento constante para oferecer-lhe o melhor servi\u00e7o e a maior transpar\u00eancia poss\u00edvel. Por isso essa pol\u00edtica de privacidade e de uso pode ser alterada sem aviso pr\u00e9vio, mas ser\u00e1 comunicada sempre que ocorrer por meio dos seus dados de contato como e-mail ou mensagem instant\u00e2nea, dando-lhe a oportunidade de rev\u00ea-la antes de continuar a navega\u00e7\u00e3o e consequente aceita\u00e7\u00e3o dos termos.<\/p>\t\t\t\t\t\t\t\t<\/div>\n\t\t\t\t<\/div>\n\t\t\t\t\t<\/div>\n\t\t\t\t<\/div>\n\t\t\t\t<\/div>\n\t\t","protected":false},"excerpt":{"rendered":"<p>POL\u00cdTICA DE PRIVACIDADE Usamos seus dados para facilitar seu dia-a-dia. Nesta p\u00e1gina voc\u00ea encontrar\u00e1 detalhes de como seus dados s\u00e3o<\/p>\n","protected":false},"author":1,"featured_media":0,"parent":0,"menu_order":0,"comment_status":"closed","ping_status":"open","template":"elementor_header_footer","meta":{"iawp_total_views":0,"footnotes":""},"class_list":["post-3","page","type-page","status-publish","hentry"],"_links":{"self":[{"href":"https:\/\/leaubeaute.com.br\/index.php?rest_route=\/wp\/v2\/pages\/3","targetHints":{"allow":["GET"]}}],"collection":[{"href":"https:\/\/leaubeaute.com.br\/index.php?rest_route=\/wp\/v2\/pages"}],"about":[{"href":"https:\/\/leaubeaute.com.br\/index.php?rest_route=\/wp\/v2\/types\/page"}],"author":[{"embeddable":true,"href":"https:\/\/leaubeaute.com.br\/index.php?rest_route=\/wp\/v2\/users\/1"}],"replies":[{"embeddable":true,"href":"https:\/\/leaubeaute.com.br\/index.php?rest_route=%2Fwp%2Fv2%2Fcomments&post=3"}],"version-history":[{"count":0,"href":"https:\/\/leaubeaute.com.br\/index.php?rest_route=\/wp\/v2\/pages\/3\/revisions"}],"wp:attachment":[{"href":"https:\/\/leaubeaute.com.br\/index.php?rest_route=%2Fwp%2Fv2%2Fmedia&parent=3"}],"curies":[{"name":"wp","href":"https:\/\/api.w.org\/{rel}","templated":true}]}}