{"id":9,"date":"2024-11-05T18:26:31","date_gmt":"2024-11-05T18:26:31","guid":{"rendered":"https:\/\/leaubeaute.com.br\/carrinho\/"},"modified":"2024-11-05T18:26:31","modified_gmt":"2024-11-05T18:26:31","slug":"carrinho","status":"publish","type":"page","link":"https:\/\/leaubeaute.com.br\/?page_id=9","title":{"rendered":"Carrinho"},"content":{"rendered":"\n<div data-block-name=\"woocommerce\/cart\" class=\"wp-block-woocommerce-cart alignwide is-loading\">\n<div data-block-name=\"woocommerce\/filled-cart-block\" class=\"wp-block-woocommerce-filled-cart-block\">\n<div data-block-name=\"woocommerce\/cart-items-block\" class=\"wp-block-woocommerce-cart-items-block\">\n<div data-block-name=\"woocommerce\/cart-line-items-block\" class=\"wp-block-woocommerce-cart-line-items-block\"><\/div>\n\n\n\n<div data-block-name=\"woocommerce\/cart-cross-sells-block\" class=\"wp-block-woocommerce-cart-cross-sells-block\">\n<h2 class=\"wp-block-heading has-large-font-size\">You may be interested in\u2026<\/h2>\n\n\n\n<div data-block-name=\"woocommerce\/cart-cross-sells-products-block\" class=\"wp-block-woocommerce-cart-cross-sells-products-block\"><\/div>\n<\/div>\n<\/div>\n\n\n\n<div data-block-name=\"woocommerce\/cart-totals-block\" class=\"wp-block-woocommerce-cart-totals-block\">\n<div data-block-name=\"woocommerce\/cart-order-summary-block\" class=\"wp-block-woocommerce-cart-order-summary-block\">\n<div data-block-name=\"woocommerce\/cart-order-summary-heading-block\" class=\"wp-block-woocommerce-cart-order-summary-heading-block\"><\/div><div data-block-name=\"woocommerce\/cart-order-summary-coupon-form-block\" class=\"wp-block-woocommerce-cart-order-summary-coupon-form-block\"><\/div><div data-block-name=\"woocommerce\/cart-order-summary-totals-block\" class=\"wp-block-woocommerce-cart-order-summary-totals-block\">\n<div data-block-name=\"woocommerce\/cart-order-summary-subtotal-block\" class=\"wp-block-woocommerce-cart-order-summary-subtotal-block\"><\/div>\n<div data-block-name=\"woocommerce\/cart-order-summary-discount-block\" class=\"wp-block-woocommerce-cart-order-summary-discount-block\"><\/div>\n<div data-block-name=\"woocommerce\/cart-order-summary-fee-block\" class=\"wp-block-woocommerce-cart-order-summary-fee-block\"><\/div>\n<div data-block-name=\"woocommerce\/cart-order-summary-shipping-block\" class=\"wp-block-woocommerce-cart-order-summary-shipping-block\"><\/div>\n<div data-block-name=\"woocommerce\/cart-order-summary-taxes-block\" class=\"wp-block-woocommerce-cart-order-summary-taxes-block\"><\/div><\/div>\n<\/div>\n\n\n\n<div data-block-name=\"woocommerce\/cart-express-payment-block\" class=\"wp-block-woocommerce-cart-express-payment-block\"><\/div>\n\n\n\n<div data-block-name=\"woocommerce\/proceed-to-checkout-block\" class=\"wp-block-woocommerce-proceed-to-checkout-block\"><\/div>\n<div id=\"ppcp-recaptcha-v2-container\" style=\"margin:20px 0;\"><\/div>\n\n\n<div data-block-name=\"woocommerce\/cart-accepted-payment-methods-block\" class=\"wp-block-woocommerce-cart-accepted-payment-methods-block\"><\/div>\n<\/div>\n<\/div>\n\n\n\n<div data-block-name=\"woocommerce\/empty-cart-block\" class=\"wp-block-woocommerce-empty-cart-block\">\n<h2 class=\"wp-block-heading has-text-align-center with-empty-cart-icon wc-block-cart__empty-cart__title\">Seu carrinho est\u00e1 vazio no momento!<\/h2>\n\n\n\n<hr class=\"wp-block-separator has-alpha-channel-opacity is-style-dots\"\/>\n\n\n\n<h2 class=\"wp-block-heading has-text-align-center\">Novo na loja<\/h2>\n\n\n<div data-block-name=\"woocommerce\/product-new\" data-columns=\"4\" data-rows=\"1\" class=\"wc-block-grid wp-block-product-new wp-block-woocommerce-product-new wc-block-product-new has-4-columns\"><ul class=\"wc-block-grid__products\"><li class=\"wc-block-grid__product\">\n\t\t\t\t<a href=\"https:\/\/leaubeaute.com.br\/?product=kit-linha-profissional\" class=\"wc-block-grid__product-link\">\n\t\t\t\t\t<div class=\"wc-block-grid__product-onsale\">\n\t\t\t<span aria-hidden=\"true\">Oferta<\/span>\n\t\t\t<span class=\"screen-reader-text\">Produto em promo\u00e7\u00e3o<\/span>\n\t\t<\/div>\n\t\t\t\t\t<div class=\"wc-block-grid__product-image\"><img fetchpriority=\"high\" decoding=\"async\" width=\"430\" height=\"491\" src=\"https:\/\/leaubeaute.com.br\/wp-content\/uploads\/2025\/03\/Frame-38-430x491.png\" class=\"attachment-woocommerce_thumbnail size-woocommerce_thumbnail\" alt=\"Kit Linha Profissional\" srcset=\"https:\/\/leaubeaute.com.br\/wp-content\/uploads\/2025\/03\/Frame-38-430x491.png 430w, https:\/\/leaubeaute.com.br\/wp-content\/uploads\/2025\/03\/Frame-38-263x300.png 263w, https:\/\/leaubeaute.com.br\/wp-content\/uploads\/2025\/03\/Frame-38-150x171.png 150w, https:\/\/leaubeaute.com.br\/wp-content\/uploads\/2025\/03\/Frame-38.png 700w\" sizes=\"(max-width: 430px) 100vw, 430px\" \/><\/div>\n\t\t\t\t\t<div class=\"wc-block-grid__product-title\">Kit Linha Profissional<\/div>\n\t\t\t\t<\/a>\n\t\t\t\t<div class=\"wc-block-grid__product-price price\"><del aria-hidden=\"true\"><span class=\"woocommerce-Price-amount amount\"><span class=\"woocommerce-Price-currencySymbol\">&#082;&#036;<\/span>189,90<\/span><\/del> <span class=\"screen-reader-text\">O pre\u00e7o original era: &#082;&#036;189,90.<\/span><ins aria-hidden=\"true\"><span class=\"woocommerce-Price-amount amount\"><span class=\"woocommerce-Price-currencySymbol\">&#082;&#036;<\/span>169,90<\/span><\/ins><span class=\"screen-reader-text\">O pre\u00e7o atual \u00e9: &#082;&#036;169,90.<\/span><\/div>\n\t\t\t\t\n\t\t\t\t<div class=\"wp-block-button wc-block-grid__product-add-to-cart\"><a href=\"\/index.php?rest_route=%2Fwp%2Fv2%2Fpages%2F9&#038;add-to-cart=28326\" aria-label=\"Adicione ao carrinho: &ldquo;Kit Linha Profissional&rdquo;\" data-quantity=\"1\" data-product_id=\"28326\" data-product_sku=\"\" data-price=\"169.9\" rel=\"nofollow\" class=\"wp-block-button__link  add_to_cart_button ajax_add_to_cart\">Adicionar ao carrinho<\/a><\/div>\n\t\t\t<\/li><li class=\"wc-block-grid__product\">\n\t\t\t\t<a href=\"https:\/\/leaubeaute.com.br\/?product=sabonete-liquido-500ml-babacu-e-jasmim\" class=\"wc-block-grid__product-link\">\n\t\t\t\t\t\n\t\t\t\t\t<div class=\"wc-block-grid__product-image\"><img decoding=\"async\" width=\"430\" height=\"484\" src=\"https:\/\/leaubeaute.com.br\/wp-content\/uploads\/2024\/11\/Sabonete_babacu_500-430x484.png\" class=\"attachment-woocommerce_thumbnail size-woocommerce_thumbnail\" alt=\"Sabonete L\u00edquido da cabe\u00e7a aos p\u00e9s 500ml - Baba\u00e7u e Jasmim\" srcset=\"https:\/\/leaubeaute.com.br\/wp-content\/uploads\/2024\/11\/Sabonete_babacu_500-430x484.png 430w, https:\/\/leaubeaute.com.br\/wp-content\/uploads\/2024\/11\/Sabonete_babacu_500-267x300.png 267w, https:\/\/leaubeaute.com.br\/wp-content\/uploads\/2024\/11\/Sabonete_babacu_500-150x169.png 150w, https:\/\/leaubeaute.com.br\/wp-content\/uploads\/2024\/11\/Sabonete_babacu_500.png 680w\" sizes=\"(max-width: 430px) 100vw, 430px\" \/><\/div>\n\t\t\t\t\t<div class=\"wc-block-grid__product-title\">Sabonete L\u00edquido da cabe\u00e7a aos p\u00e9s 500ml &#8211; Baba\u00e7u e Jasmim<\/div>\n\t\t\t\t<\/a>\n\t\t\t\t<div class=\"wc-block-grid__product-price price\"><span class=\"woocommerce-Price-amount amount\"><span class=\"woocommerce-Price-currencySymbol\">&#082;&#036;<\/span>34,90<\/span><\/div>\n\t\t\t\t\n\t\t\t\t<div class=\"wp-block-button wc-block-grid__product-add-to-cart\"><a href=\"\/index.php?rest_route=%2Fwp%2Fv2%2Fpages%2F9&#038;add-to-cart=28259\" aria-label=\"Adicione ao carrinho: &ldquo;Sabonete L\u00edquido da cabe\u00e7a aos p\u00e9s 500ml - Baba\u00e7u e Jasmim&rdquo;\" data-quantity=\"1\" data-product_id=\"28259\" data-product_sku=\"\" data-price=\"34.9\" rel=\"nofollow\" class=\"wp-block-button__link  add_to_cart_button ajax_add_to_cart\">Adicionar ao carrinho<\/a><\/div>\n\t\t\t<\/li><li class=\"wc-block-grid__product\">\n\t\t\t\t<a href=\"https:\/\/leaubeaute.com.br\/?product=sabonete-liquido-100ml-babacu-e-jasmim\" class=\"wc-block-grid__product-link\">\n\t\t\t\t\t\n\t\t\t\t\t<div class=\"wc-block-grid__product-image\"><img decoding=\"async\" width=\"430\" height=\"484\" src=\"https:\/\/leaubeaute.com.br\/wp-content\/uploads\/2024\/11\/Sabonete_babacu_100-430x484.png\" class=\"attachment-woocommerce_thumbnail size-woocommerce_thumbnail\" alt=\"Sabonete L\u00edquido 100ml - Baba\u00e7u e Jasmim\" srcset=\"https:\/\/leaubeaute.com.br\/wp-content\/uploads\/2024\/11\/Sabonete_babacu_100-430x484.png 430w, https:\/\/leaubeaute.com.br\/wp-content\/uploads\/2024\/11\/Sabonete_babacu_100-267x300.png 267w, https:\/\/leaubeaute.com.br\/wp-content\/uploads\/2024\/11\/Sabonete_babacu_100-150x169.png 150w, https:\/\/leaubeaute.com.br\/wp-content\/uploads\/2024\/11\/Sabonete_babacu_100.png 680w\" sizes=\"(max-width: 430px) 100vw, 430px\" \/><\/div>\n\t\t\t\t\t<div class=\"wc-block-grid__product-title\">Sabonete L\u00edquido 100ml &#8211; Baba\u00e7u e Jasmim<\/div>\n\t\t\t\t<\/a>\n\t\t\t\t<div class=\"wc-block-grid__product-price price\"><span class=\"woocommerce-Price-amount amount\"><span class=\"woocommerce-Price-currencySymbol\">&#082;&#036;<\/span>12,99<\/span><\/div>\n\t\t\t\t\n\t\t\t\t<div class=\"wp-block-button wc-block-grid__product-add-to-cart\"><a href=\"\/index.php?rest_route=%2Fwp%2Fv2%2Fpages%2F9&#038;add-to-cart=28257\" aria-label=\"Adicione ao carrinho: &ldquo;Sabonete L\u00edquido 100ml - Baba\u00e7u e Jasmim&rdquo;\" data-quantity=\"1\" data-product_id=\"28257\" data-product_sku=\"\" data-price=\"12.99\" rel=\"nofollow\" class=\"wp-block-button__link  add_to_cart_button ajax_add_to_cart\">Adicionar ao carrinho<\/a><\/div>\n\t\t\t<\/li><li class=\"wc-block-grid__product\">\n\t\t\t\t<a href=\"https:\/\/leaubeaute.com.br\/?product=sabonete-liquido\" class=\"wc-block-grid__product-link\">\n\t\t\t\t\t\n\t\t\t\t\t<div class=\"wc-block-grid__product-image\"><img loading=\"lazy\" decoding=\"async\" width=\"430\" height=\"484\" src=\"https:\/\/leaubeaute.com.br\/wp-content\/uploads\/2024\/11\/Sabonete_babacu_300-430x484.png\" class=\"attachment-woocommerce_thumbnail size-woocommerce_thumbnail\" alt=\"Sabonete L\u00edquido 300ml - Baba\u00e7u e Jasmim\" srcset=\"https:\/\/leaubeaute.com.br\/wp-content\/uploads\/2024\/11\/Sabonete_babacu_300-430x484.png 430w, https:\/\/leaubeaute.com.br\/wp-content\/uploads\/2024\/11\/Sabonete_babacu_300-267x300.png 267w, https:\/\/leaubeaute.com.br\/wp-content\/uploads\/2024\/11\/Sabonete_babacu_300-150x169.png 150w, https:\/\/leaubeaute.com.br\/wp-content\/uploads\/2024\/11\/Sabonete_babacu_300.png 680w\" sizes=\"(max-width: 430px) 100vw, 430px\" \/><\/div>\n\t\t\t\t\t<div class=\"wc-block-grid__product-title\">Sabonete L\u00edquido 300ml &#8211; Baba\u00e7u e Jasmim<\/div>\n\t\t\t\t<\/a>\n\t\t\t\t<div class=\"wc-block-grid__product-price price\"><span class=\"woocommerce-Price-amount amount\"><span class=\"woocommerce-Price-currencySymbol\">&#082;&#036;<\/span>24,90<\/span><\/div>\n\t\t\t\t\n\t\t\t\t<div class=\"wp-block-button wc-block-grid__product-add-to-cart\"><a href=\"\/index.php?rest_route=%2Fwp%2Fv2%2Fpages%2F9&#038;add-to-cart=27859\" aria-label=\"Adicione ao carrinho: &ldquo;Sabonete L\u00edquido 300ml - Baba\u00e7u e Jasmim&rdquo;\" data-quantity=\"1\" data-product_id=\"27859\" data-product_sku=\"\" data-price=\"24.9\" rel=\"nofollow\" class=\"wp-block-button__link  add_to_cart_button ajax_add_to_cart\">Adicionar ao carrinho<\/a><\/div>\n\t\t\t<\/li><\/ul><\/div><\/div>\n<\/div>\n","protected":false},"excerpt":{"rendered":"","protected":false},"author":1,"featured_media":0,"parent":0,"menu_order":0,"comment_status":"closed","ping_status":"closed","template":"","meta":{"iawp_total_views":37,"footnotes":""},"class_list":["post-9","page","type-page","status-publish","hentry"],"_links":{"self":[{"href":"https:\/\/leaubeaute.com.br\/index.php?rest_route=\/wp\/v2\/pages\/9","targetHints":{"allow":["GET"]}}],"collection":[{"href":"https:\/\/leaubeaute.com.br\/index.php?rest_route=\/wp\/v2\/pages"}],"about":[{"href":"https:\/\/leaubeaute.com.br\/index.php?rest_route=\/wp\/v2\/types\/page"}],"author":[{"embeddable":true,"href":"https:\/\/leaubeaute.com.br\/index.php?rest_route=\/wp\/v2\/users\/1"}],"replies":[{"embeddable":true,"href":"https:\/\/leaubeaute.com.br\/index.php?rest_route=%2Fwp%2Fv2%2Fcomments&post=9"}],"version-history":[{"count":0,"href":"https:\/\/leaubeaute.com.br\/index.php?rest_route=\/wp\/v2\/pages\/9\/revisions"}],"wp:attachment":[{"href":"https:\/\/leaubeaute.com.br\/index.php?rest_route=%2Fwp%2Fv2%2Fmedia&parent=9"}],"curies":[{"name":"wp","href":"https:\/\/api.w.org\/{rel}","templated":true}]}}