{"id":28257,"date":"2024-12-14T09:18:59","date_gmt":"2024-12-14T12:18:59","guid":{"rendered":"https:\/\/leaubeaute.com.br\/?post_type=product&#038;p=28257"},"modified":"2025-04-11T20:29:30","modified_gmt":"2025-04-11T23:29:30","slug":"sabonete-liquido-100ml-babacu-e-jasmim","status":"publish","type":"product","link":"https:\/\/leaubeaute.com.br\/?product=sabonete-liquido-100ml-babacu-e-jasmim","title":{"rendered":"Sabonete L\u00edquido 100ml &#8211; Baba\u00e7u e Jasmim"},"content":{"rendered":"<p><strong>Sabonete L\u00edquido Clean. <\/strong>Uma experi\u00eancia inesquec\u00edvel. Saponifica\u00e7\u00e3o natural, \u00d3leo de Coco Baba\u00e7u e Jasmim. Espuma natural e biodegrad\u00e1vel. Limpa suavemente a pele e respeita o seu equil\u00edbrio com uma fragr\u00e2ncia agrad\u00e1vel e revigorante.<\/p>\n<p>Ibir\u00e1 do Brasil. O Poder da Natureza em suas m\u00e3os. (Bioma da Amaz\u00f4nia).<\/p>\n","protected":false},"excerpt":{"rendered":"<p>Sabonete L\u00edquido Clean. Uma experi\u00eancia inesquec\u00edvel. Saponifica\u00e7\u00e3o natural, \u00d3leo de Coco Baba\u00e7u e Jasmim. Espuma natural e biodegrad\u00e1vel. Limpa suavemente<\/p>\n","protected":false},"featured_media":28252,"template":"","meta":{"iawp_total_views":16},"product_brand":[],"product_cat":[86,87],"product_tag":[],"class_list":{"0":"post-28257","1":"product","2":"type-product","3":"status-publish","4":"has-post-thumbnail","6":"product_cat-ibira","7":"product_cat-sabonete-liquido","9":"first","10":"instock","11":"shipping-taxable","12":"purchasable","13":"product-type-simple"},"_links":{"self":[{"href":"https:\/\/leaubeaute.com.br\/index.php?rest_route=\/wp\/v2\/product\/28257","targetHints":{"allow":["GET"]}}],"collection":[{"href":"https:\/\/leaubeaute.com.br\/index.php?rest_route=\/wp\/v2\/product"}],"about":[{"href":"https:\/\/leaubeaute.com.br\/index.php?rest_route=\/wp\/v2\/types\/product"}],"version-history":[{"count":2,"href":"https:\/\/leaubeaute.com.br\/index.php?rest_route=\/wp\/v2\/product\/28257\/revisions"}],"predecessor-version":[{"id":28406,"href":"https:\/\/leaubeaute.com.br\/index.php?rest_route=\/wp\/v2\/product\/28257\/revisions\/28406"}],"wp:featuredmedia":[{"embeddable":true,"href":"https:\/\/leaubeaute.com.br\/index.php?rest_route=\/wp\/v2\/media\/28252"}],"wp:attachment":[{"href":"https:\/\/leaubeaute.com.br\/index.php?rest_route=%2Fwp%2Fv2%2Fmedia&parent=28257"}],"wp:term":[{"taxonomy":"product_brand","embeddable":true,"href":"https:\/\/leaubeaute.com.br\/index.php?rest_route=%2Fwp%2Fv2%2Fproduct_brand&post=28257"},{"taxonomy":"product_cat","embeddable":true,"href":"https:\/\/leaubeaute.com.br\/index.php?rest_route=%2Fwp%2Fv2%2Fproduct_cat&post=28257"},{"taxonomy":"product_tag","embeddable":true,"href":"https:\/\/leaubeaute.com.br\/index.php?rest_route=%2Fwp%2Fv2%2Fproduct_tag&post=28257"}],"curies":[{"name":"wp","href":"https:\/\/api.w.org\/{rel}","templated":true}]}}